{"id":4084,"date":"2024-01-10T00:30:17","date_gmt":"2024-01-10T00:30:17","guid":{"rendered":"https:\/\/bandejasgourmet.com\/?post_type=product&#038;p=4084"},"modified":"2024-11-21T10:46:14","modified_gmt":"2024-11-21T10:46:14","slug":"bandeja-gourmet-la-gran-iberica-copia","status":"publish","type":"product","link":"https:\/\/bandejasgourmet.com\/index.php\/producto\/bandeja-gourmet-la-gran-iberica-copia\/","title":{"rendered":"Bandeja gourmet \u00abLa Ib\u00e9rica\u00bb"},"content":{"rendered":"<p><img loading=\"lazy\" decoding=\"async\" class=\"alignnone wp-image-4087\" src=\"https:\/\/bandejasgourmet.com\/wp-content\/uploads\/2024\/01\/Bandeja-gourmet-La-iberica-tradiccional-300x300.jpg\" alt=\"\" width=\"381\" height=\"381\" srcset=\"https:\/\/bandejasgourmet.com\/wp-content\/uploads\/2024\/01\/Bandeja-gourmet-La-iberica-tradiccional-300x300.jpg 300w, https:\/\/bandejasgourmet.com\/wp-content\/uploads\/2024\/01\/Bandeja-gourmet-La-iberica-tradiccional-1024x1024.jpg 1024w, https:\/\/bandejasgourmet.com\/wp-content\/uploads\/2024\/01\/Bandeja-gourmet-La-iberica-tradiccional-150x150.jpg 150w, https:\/\/bandejasgourmet.com\/wp-content\/uploads\/2024\/01\/Bandeja-gourmet-La-iberica-tradiccional-768x768.jpg 768w, https:\/\/bandejasgourmet.com\/wp-content\/uploads\/2024\/01\/Bandeja-gourmet-La-iberica-tradiccional-600x600.jpg 600w, https:\/\/bandejasgourmet.com\/wp-content\/uploads\/2024\/01\/Bandeja-gourmet-La-iberica-tradiccional-100x100.jpg 100w, https:\/\/bandejasgourmet.com\/wp-content\/uploads\/2024\/01\/Bandeja-gourmet-La-iberica-tradiccional.jpg 1200w\" sizes=\"auto, (max-width: 381px) 100vw, 381px\" \/><\/p>\n<p><strong><span style=\"color: #800000;\">Bandeja de embutido \u00abLa\u00a0 Ib\u00e9rica Tradicional\u00bb.<\/span><\/strong><br \/>\nBandeja cl\u00e1sica con deliciosos productos ideal para seis personas.<br \/>\nBandeja de embutidos\u00a0 Ib\u00e9rica Tradicional.<br \/>\nCuando llevamos una celebraci\u00f3n al m\u00e1ximo exponente de calidad y prestigio.<br \/>\nCompuesta de, delicioso jam\u00f3n ib\u00e9rico de cebo, dos variedades de queso ,<br \/>\ntrufado, puro de oveja D. O curado, nuestra exquisita selecci\u00f3n de lomo, chorizo,<br \/>\ny salchich\u00f3n de cebo, acompa\u00f1ado\u00a0tostaditas artesanas de pan. Lista para disfrutar.<\/p>\n<p><strong>Consejos:<\/strong><\/p>\n<p>Bandeja \u00bb La\u00a0 Gran Ib\u00e9rica\u00bb Charcuter\u00edas Pascual<\/p>\n<p>Perfecta para celebraciones en familia, se prepara<br \/>\nen su caja estilo bandeja , llegar y presentar.<br \/>\nSi el producto se adquiere por Internet y no se<br \/>\nva a consumir aconsejamos pedir que se selle al<br \/>\nvaci\u00f3 manteniendo sus caracter\u00edsticas m\u00e1s tiempo.<br \/>\nDisfrute de nuestros productos.<\/p>\n","protected":false},"excerpt":{"rendered":"<p><strong><span style=\"color: #800000;\">Bandeja \u00abLa Ib\u00e9rica\u00bb <\/span><\/strong><\/p>\n<p>Una gran sensaci\u00f3n de sabores en tu paladar, gracias al inconfundible matiz del producto ib\u00e9rico.<\/p>\n","protected":false},"featured_media":3800,"comment_status":"open","ping_status":"closed","template":"","meta":{"site-sidebar-layout":"default","site-content-layout":"default","ast-site-content-layout":"default","site-content-style":"default","site-sidebar-style":"default","ast-global-header-display":"","ast-banner-title-visibility":"","ast-main-header-display":"","ast-hfb-above-header-display":"","ast-hfb-below-header-display":"","ast-hfb-mobile-header-display":"","site-post-title":"","ast-breadcrumbs-content":"","ast-featured-img":"","footer-sml-layout":"","ast-disable-related-posts":"","theme-transparent-header-meta":"default","adv-header-id-meta":"","stick-header-meta":"","header-above-stick-meta":"","header-main-stick-meta":"","header-below-stick-meta":"","astra-migrate-meta-layouts":"default","ast-page-background-enabled":"default","ast-page-background-meta":{"desktop":{"background-color":"var(--ast-global-color-4)","background-image":"","background-repeat":"repeat","background-position":"center center","background-size":"auto","background-attachment":"scroll","background-type":"","background-media":"","overlay-type":"","overlay-color":"","overlay-opacity":"","overlay-gradient":""},"tablet":{"background-color":"","background-image":"","background-repeat":"repeat","background-position":"center center","background-size":"auto","background-attachment":"scroll","background-type":"","background-media":"","overlay-type":"","overlay-color":"","overlay-opacity":"","overlay-gradient":""},"mobile":{"background-color":"","background-image":"","background-repeat":"repeat","background-position":"center center","background-size":"auto","background-attachment":"scroll","background-type":"","background-media":"","overlay-type":"","overlay-color":"","overlay-opacity":"","overlay-gradient":""}},"ast-content-background-meta":{"desktop":{"background-color":"var(--ast-global-color-5)","background-image":"","background-repeat":"repeat","background-position":"center center","background-size":"auto","background-attachment":"scroll","background-type":"","background-media":"","overlay-type":"","overlay-color":"","overlay-opacity":"","overlay-gradient":""},"tablet":{"background-color":"var(--ast-global-color-5)","background-image":"","background-repeat":"repeat","background-position":"center center","background-size":"auto","background-attachment":"scroll","background-type":"","background-media":"","overlay-type":"","overlay-color":"","overlay-opacity":"","overlay-gradient":""},"mobile":{"background-color":"var(--ast-global-color-5)","background-image":"","background-repeat":"repeat","background-position":"center center","background-size":"auto","background-attachment":"scroll","background-type":"","background-media":"","overlay-type":"","overlay-color":"","overlay-opacity":"","overlay-gradient":""}}},"product_brand":[],"product_cat":[30],"product_tag":[],"class_list":{"0":"post-4084","1":"product","2":"type-product","3":"status-publish","4":"has-post-thumbnail","6":"product_cat-bandejas-gourmet","7":"desktop-align-left","8":"tablet-align-left","9":"mobile-align-left","11":"first","12":"instock","13":"taxable","14":"shipping-taxable","15":"purchasable","16":"product-type-simple"},"yoast_head":"<!-- This site is optimized with the Yoast SEO plugin v17.4 - https:\/\/yoast.com\/wordpress\/plugins\/seo\/ -->\n<title>Bandeja gourmet &quot;La Ib\u00e9rica&quot; - Bandejas Gourmet<\/title>\n<meta name=\"robots\" content=\"index, follow, max-snippet:-1, max-image-preview:large, max-video-preview:-1\" \/>\n<link rel=\"canonical\" href=\"https:\/\/bandejasgourmet.com\/index.php\/producto\/bandeja-gourmet-la-gran-iberica-copia\/\" \/>\n<meta property=\"og:locale\" content=\"es_ES\" \/>\n<meta property=\"og:type\" content=\"article\" \/>\n<meta property=\"og:title\" content=\"Bandeja gourmet &quot;La Ib\u00e9rica&quot; - Bandejas Gourmet\" \/>\n<meta property=\"og:description\" content=\"Bandeja &quot;La Ib\u00e9rica&quot;   Una gran sensaci\u00f3n de sabores en tu paladar, gracias al inconfundible matiz del producto ib\u00e9rico.\" \/>\n<meta property=\"og:url\" content=\"https:\/\/bandejasgourmet.com\/index.php\/producto\/bandeja-gourmet-la-gran-iberica-copia\/\" \/>\n<meta property=\"og:site_name\" content=\"Bandejas Gourmet\" \/>\n<meta property=\"article:publisher\" content=\"https:\/\/www.facebook.com\/Bandejas-Gourmet-105831711312471\/?modal=admin_todo_tour\" \/>\n<meta property=\"article:modified_time\" content=\"2024-11-21T10:46:14+00:00\" \/>\n<meta property=\"og:image\" content=\"https:\/\/bandejasgourmet.com\/wp-content\/uploads\/2020\/10\/Bandeja-gourmet-La-iberica.png\" \/>\n\t<meta property=\"og:image:width\" content=\"1200\" \/>\n\t<meta property=\"og:image:height\" content=\"1200\" \/>\n<meta name=\"twitter:card\" content=\"summary_large_image\" \/>\n<meta name=\"twitter:label1\" content=\"Tiempo de lectura\" \/>\n\t<meta name=\"twitter:data1\" content=\"1 minuto\" \/>\n<script type=\"application\/ld+json\" class=\"yoast-schema-graph\">{\"@context\":\"https:\/\/schema.org\",\"@graph\":[{\"@type\":\"Organization\",\"@id\":\"https:\/\/bandejasgourmet.com\/#organization\",\"name\":\"Bandejas Gourmet\",\"url\":\"https:\/\/bandejasgourmet.com\/\",\"sameAs\":[\"https:\/\/www.facebook.com\/Bandejas-Gourmet-105831711312471\/?modal=admin_todo_tour\"],\"logo\":{\"@type\":\"ImageObject\",\"@id\":\"https:\/\/bandejasgourmet.com\/#logo\",\"inLanguage\":\"es\",\"url\":\"https:\/\/bandejasgourmet.com\/wp-content\/uploads\/2020\/10\/Charcuterias-Pascual.png\",\"contentUrl\":\"https:\/\/bandejasgourmet.com\/wp-content\/uploads\/2020\/10\/Charcuterias-Pascual.png\",\"width\":1200,\"height\":1200,\"caption\":\"Bandejas Gourmet\"},\"image\":{\"@id\":\"https:\/\/bandejasgourmet.com\/#logo\"}},{\"@type\":\"WebSite\",\"@id\":\"https:\/\/bandejasgourmet.com\/#website\",\"url\":\"https:\/\/bandejasgourmet.com\/\",\"name\":\"Bandejas Gourmet\",\"description\":\"Productos Artesanos , Sabores Tradicionales.\",\"publisher\":{\"@id\":\"https:\/\/bandejasgourmet.com\/#organization\"},\"potentialAction\":[{\"@type\":\"SearchAction\",\"target\":{\"@type\":\"EntryPoint\",\"urlTemplate\":\"https:\/\/bandejasgourmet.com\/?s={search_term_string}\"},\"query-input\":\"required name=search_term_string\"}],\"inLanguage\":\"es\"},{\"@type\":\"ImageObject\",\"@id\":\"https:\/\/bandejasgourmet.com\/index.php\/producto\/bandeja-gourmet-la-gran-iberica-copia\/#primaryimage\",\"inLanguage\":\"es\",\"url\":\"https:\/\/bandejasgourmet.com\/wp-content\/uploads\/2020\/10\/Bandeja-gourmet-La-iberica.png\",\"contentUrl\":\"https:\/\/bandejasgourmet.com\/wp-content\/uploads\/2020\/10\/Bandeja-gourmet-La-iberica.png\",\"width\":1200,\"height\":1200},{\"@type\":\"WebPage\",\"@id\":\"https:\/\/bandejasgourmet.com\/index.php\/producto\/bandeja-gourmet-la-gran-iberica-copia\/#webpage\",\"url\":\"https:\/\/bandejasgourmet.com\/index.php\/producto\/bandeja-gourmet-la-gran-iberica-copia\/\",\"name\":\"Bandeja gourmet \\\"La Ib\\u00e9rica\\\" - Bandejas Gourmet\",\"isPartOf\":{\"@id\":\"https:\/\/bandejasgourmet.com\/#website\"},\"primaryImageOfPage\":{\"@id\":\"https:\/\/bandejasgourmet.com\/index.php\/producto\/bandeja-gourmet-la-gran-iberica-copia\/#primaryimage\"},\"datePublished\":\"2024-01-10T00:30:17+00:00\",\"dateModified\":\"2024-11-21T10:46:14+00:00\",\"breadcrumb\":{\"@id\":\"https:\/\/bandejasgourmet.com\/index.php\/producto\/bandeja-gourmet-la-gran-iberica-copia\/#breadcrumb\"},\"inLanguage\":\"es\",\"potentialAction\":[{\"@type\":\"ReadAction\",\"target\":[\"https:\/\/bandejasgourmet.com\/index.php\/producto\/bandeja-gourmet-la-gran-iberica-copia\/\"]}]},{\"@type\":\"BreadcrumbList\",\"@id\":\"https:\/\/bandejasgourmet.com\/index.php\/producto\/bandeja-gourmet-la-gran-iberica-copia\/#breadcrumb\",\"itemListElement\":[{\"@type\":\"ListItem\",\"position\":1,\"name\":\"Portada\",\"item\":\"https:\/\/bandejasgourmet.com\/\"},{\"@type\":\"ListItem\",\"position\":2,\"name\":\"Tu tienda\",\"item\":\"https:\/\/bandejasgourmet.com\/index.php\/shop\/\"},{\"@type\":\"ListItem\",\"position\":3,\"name\":\"Bandeja gourmet \\u00abLa Ib\\u00e9rica\\u00bb\"}]}]}<\/script>\n<!-- \/ Yoast SEO plugin. -->","yoast_head_json":{"title":"Bandeja gourmet \"La Ib\u00e9rica\" - Bandejas Gourmet","robots":{"index":"index","follow":"follow","max-snippet":"max-snippet:-1","max-image-preview":"max-image-preview:large","max-video-preview":"max-video-preview:-1"},"canonical":"https:\/\/bandejasgourmet.com\/index.php\/producto\/bandeja-gourmet-la-gran-iberica-copia\/","og_locale":"es_ES","og_type":"article","og_title":"Bandeja gourmet \"La Ib\u00e9rica\" - Bandejas Gourmet","og_description":"Bandeja \"La Ib\u00e9rica\"   Una gran sensaci\u00f3n de sabores en tu paladar, gracias al inconfundible matiz del producto ib\u00e9rico.","og_url":"https:\/\/bandejasgourmet.com\/index.php\/producto\/bandeja-gourmet-la-gran-iberica-copia\/","og_site_name":"Bandejas Gourmet","article_publisher":"https:\/\/www.facebook.com\/Bandejas-Gourmet-105831711312471\/?modal=admin_todo_tour","article_modified_time":"2024-11-21T10:46:14+00:00","og_image":[{"width":1200,"height":1200,"url":"https:\/\/bandejasgourmet.com\/wp-content\/uploads\/2020\/10\/Bandeja-gourmet-La-iberica.png","type":"image\/png"}],"twitter_card":"summary_large_image","twitter_misc":{"Tiempo de lectura":"1 minuto"},"schema":{"@context":"https:\/\/schema.org","@graph":[{"@type":"Organization","@id":"https:\/\/bandejasgourmet.com\/#organization","name":"Bandejas Gourmet","url":"https:\/\/bandejasgourmet.com\/","sameAs":["https:\/\/www.facebook.com\/Bandejas-Gourmet-105831711312471\/?modal=admin_todo_tour"],"logo":{"@type":"ImageObject","@id":"https:\/\/bandejasgourmet.com\/#logo","inLanguage":"es","url":"https:\/\/bandejasgourmet.com\/wp-content\/uploads\/2020\/10\/Charcuterias-Pascual.png","contentUrl":"https:\/\/bandejasgourmet.com\/wp-content\/uploads\/2020\/10\/Charcuterias-Pascual.png","width":1200,"height":1200,"caption":"Bandejas Gourmet"},"image":{"@id":"https:\/\/bandejasgourmet.com\/#logo"}},{"@type":"WebSite","@id":"https:\/\/bandejasgourmet.com\/#website","url":"https:\/\/bandejasgourmet.com\/","name":"Bandejas Gourmet","description":"Productos Artesanos , Sabores Tradicionales.","publisher":{"@id":"https:\/\/bandejasgourmet.com\/#organization"},"potentialAction":[{"@type":"SearchAction","target":{"@type":"EntryPoint","urlTemplate":"https:\/\/bandejasgourmet.com\/?s={search_term_string}"},"query-input":"required name=search_term_string"}],"inLanguage":"es"},{"@type":"ImageObject","@id":"https:\/\/bandejasgourmet.com\/index.php\/producto\/bandeja-gourmet-la-gran-iberica-copia\/#primaryimage","inLanguage":"es","url":"https:\/\/bandejasgourmet.com\/wp-content\/uploads\/2020\/10\/Bandeja-gourmet-La-iberica.png","contentUrl":"https:\/\/bandejasgourmet.com\/wp-content\/uploads\/2020\/10\/Bandeja-gourmet-La-iberica.png","width":1200,"height":1200},{"@type":"WebPage","@id":"https:\/\/bandejasgourmet.com\/index.php\/producto\/bandeja-gourmet-la-gran-iberica-copia\/#webpage","url":"https:\/\/bandejasgourmet.com\/index.php\/producto\/bandeja-gourmet-la-gran-iberica-copia\/","name":"Bandeja gourmet \"La Ib\u00e9rica\" - Bandejas Gourmet","isPartOf":{"@id":"https:\/\/bandejasgourmet.com\/#website"},"primaryImageOfPage":{"@id":"https:\/\/bandejasgourmet.com\/index.php\/producto\/bandeja-gourmet-la-gran-iberica-copia\/#primaryimage"},"datePublished":"2024-01-10T00:30:17+00:00","dateModified":"2024-11-21T10:46:14+00:00","breadcrumb":{"@id":"https:\/\/bandejasgourmet.com\/index.php\/producto\/bandeja-gourmet-la-gran-iberica-copia\/#breadcrumb"},"inLanguage":"es","potentialAction":[{"@type":"ReadAction","target":["https:\/\/bandejasgourmet.com\/index.php\/producto\/bandeja-gourmet-la-gran-iberica-copia\/"]}]},{"@type":"BreadcrumbList","@id":"https:\/\/bandejasgourmet.com\/index.php\/producto\/bandeja-gourmet-la-gran-iberica-copia\/#breadcrumb","itemListElement":[{"@type":"ListItem","position":1,"name":"Portada","item":"https:\/\/bandejasgourmet.com\/"},{"@type":"ListItem","position":2,"name":"Tu tienda","item":"https:\/\/bandejasgourmet.com\/index.php\/shop\/"},{"@type":"ListItem","position":3,"name":"Bandeja gourmet \u00abLa Ib\u00e9rica\u00bb"}]}]}},"_links":{"self":[{"href":"https:\/\/bandejasgourmet.com\/index.php\/wp-json\/wp\/v2\/product\/4084","targetHints":{"allow":["GET"]}}],"collection":[{"href":"https:\/\/bandejasgourmet.com\/index.php\/wp-json\/wp\/v2\/product"}],"about":[{"href":"https:\/\/bandejasgourmet.com\/index.php\/wp-json\/wp\/v2\/types\/product"}],"replies":[{"embeddable":true,"href":"https:\/\/bandejasgourmet.com\/index.php\/wp-json\/wp\/v2\/comments?post=4084"}],"version-history":[{"count":4,"href":"https:\/\/bandejasgourmet.com\/index.php\/wp-json\/wp\/v2\/product\/4084\/revisions"}],"predecessor-version":[{"id":4112,"href":"https:\/\/bandejasgourmet.com\/index.php\/wp-json\/wp\/v2\/product\/4084\/revisions\/4112"}],"wp:featuredmedia":[{"embeddable":true,"href":"https:\/\/bandejasgourmet.com\/index.php\/wp-json\/wp\/v2\/media\/3800"}],"wp:attachment":[{"href":"https:\/\/bandejasgourmet.com\/index.php\/wp-json\/wp\/v2\/media?parent=4084"}],"wp:term":[{"taxonomy":"product_brand","embeddable":true,"href":"https:\/\/bandejasgourmet.com\/index.php\/wp-json\/wp\/v2\/product_brand?post=4084"},{"taxonomy":"product_cat","embeddable":true,"href":"https:\/\/bandejasgourmet.com\/index.php\/wp-json\/wp\/v2\/product_cat?post=4084"},{"taxonomy":"product_tag","embeddable":true,"href":"https:\/\/bandejasgourmet.com\/index.php\/wp-json\/wp\/v2\/product_tag?post=4084"}],"curies":[{"name":"wp","href":"https:\/\/api.w.org\/{rel}","templated":true}]}}