{"id":3835,"date":"2020-10-16T21:39:42","date_gmt":"2020-10-16T21:39:42","guid":{"rendered":"http:\/\/bandejasgourmet.com\/?post_type=product&#038;p=3835"},"modified":"2026-03-02T23:34:34","modified_gmt":"2026-03-02T23:34:34","slug":"plato-gourmet-de-jamon-iberico-cortado-a-mano-100gr","status":"publish","type":"product","link":"https:\/\/bandejasgourmet.com\/index.php\/producto\/plato-gourmet-de-jamon-iberico-cortado-a-mano-100gr\/","title":{"rendered":"Plato gourmet de jam\u00f3n Ib\u00e9rico de cebo cortado a mano. 100gr"},"content":{"rendered":"<p><img loading=\"lazy\" decoding=\"async\" class=\"alignnone size-medium wp-image-4138\" src=\"https:\/\/bandejasgourmet.com\/wp-content\/uploads\/2022\/09\/sobre-de-jamoniberico-cortado-a-mano-225x300.png\" alt=\"\" width=\"225\" height=\"300\" srcset=\"https:\/\/bandejasgourmet.com\/wp-content\/uploads\/2022\/09\/sobre-de-jamoniberico-cortado-a-mano-225x300.png 225w, https:\/\/bandejasgourmet.com\/wp-content\/uploads\/2022\/09\/sobre-de-jamoniberico-cortado-a-mano-768x1024.png 768w, https:\/\/bandejasgourmet.com\/wp-content\/uploads\/2022\/09\/sobre-de-jamoniberico-cortado-a-mano-1152x1536.png 1152w, https:\/\/bandejasgourmet.com\/wp-content\/uploads\/2022\/09\/sobre-de-jamoniberico-cortado-a-mano-1536x2048.png 1536w, https:\/\/bandejasgourmet.com\/wp-content\/uploads\/2022\/09\/sobre-de-jamoniberico-cortado-a-mano-600x800.png 600w\" sizes=\"auto, (max-width: 225px) 100vw, 225px\" \/><\/p>\n<p>Nuestro plato de Jam\u00f3n Ib\u00e9rico de cebo , cortado a mano por nuestros maestros jamoneros<span style=\"font-size: 16px; font-family: -apple-system, BlinkMacSystemFont, 'Segoe UI', Roboto, Oxygen-Sans, Ubuntu, Cantarell, 'Helvetica Neue', sans-serif;\">, pondr\u00e1 un toque de distinci\u00f3n en su mesa.<\/span><\/p>\n<p>Record\u00e1ndonos porque este tipo de jam\u00f3n tiene los m\u00e1s altos est\u00e1ndares de calidad.<\/p>\n<p>Es un autentico deleite para sus sentidos.<\/p>\n<p>Le recomendamos ante de degustarlo tenerlo a temperatura ambiente para potenciar todo su sabor,<\/p>\n<p>y abrir su sellado 15\u00b4 antes de abrir el producto.<\/p>\n<pre>Finas y selectas lonchas de un aut\u00e9ntico Jam\u00f3n de Cebo Ib\u00e9rico Loncheado profesionalmente que mantiene la textura, aroma y sabor propio de su origen al ser envasado inmediatamente despu\u00e9s de cada corte<\/pre>\n","protected":false},"excerpt":{"rendered":"<p>Jam\u00f3n de Cebo Ib\u00e9rico madurado en bodegas naturales, que ofrecen facilidad de conservaci\u00f3n y de consumo<\/p>\n","protected":false},"featured_media":4138,"comment_status":"open","ping_status":"closed","template":"","meta":{"site-sidebar-layout":"default","site-content-layout":"default","ast-site-content-layout":"default","site-content-style":"default","site-sidebar-style":"default","ast-global-header-display":"","ast-banner-title-visibility":"","ast-main-header-display":"","ast-hfb-above-header-display":"","ast-hfb-below-header-display":"","ast-hfb-mobile-header-display":"","site-post-title":"","ast-breadcrumbs-content":"","ast-featured-img":"","footer-sml-layout":"","ast-disable-related-posts":"","theme-transparent-header-meta":"default","adv-header-id-meta":"","stick-header-meta":"","header-above-stick-meta":"","header-main-stick-meta":"","header-below-stick-meta":"","astra-migrate-meta-layouts":"set","ast-page-background-enabled":"default","ast-page-background-meta":{"desktop":{"background-color":"var(--ast-global-color-4)","background-image":"","background-repeat":"repeat","background-position":"center center","background-size":"auto","background-attachment":"scroll","background-type":"","background-media":"","overlay-type":"","overlay-color":"","overlay-opacity":"","overlay-gradient":""},"tablet":{"background-color":"","background-image":"","background-repeat":"repeat","background-position":"center center","background-size":"auto","background-attachment":"scroll","background-type":"","background-media":"","overlay-type":"","overlay-color":"","overlay-opacity":"","overlay-gradient":""},"mobile":{"background-color":"","background-image":"","background-repeat":"repeat","background-position":"center center","background-size":"auto","background-attachment":"scroll","background-type":"","background-media":"","overlay-type":"","overlay-color":"","overlay-opacity":"","overlay-gradient":""}},"ast-content-background-meta":{"desktop":{"background-color":"var(--ast-global-color-5)","background-image":"","background-repeat":"repeat","background-position":"center center","background-size":"auto","background-attachment":"scroll","background-type":"","background-media":"","overlay-type":"","overlay-color":"","overlay-opacity":"","overlay-gradient":""},"tablet":{"background-color":"var(--ast-global-color-5)","background-image":"","background-repeat":"repeat","background-position":"center center","background-size":"auto","background-attachment":"scroll","background-type":"","background-media":"","overlay-type":"","overlay-color":"","overlay-opacity":"","overlay-gradient":""},"mobile":{"background-color":"var(--ast-global-color-5)","background-image":"","background-repeat":"repeat","background-position":"center center","background-size":"auto","background-attachment":"scroll","background-type":"","background-media":"","overlay-type":"","overlay-color":"","overlay-opacity":"","overlay-gradient":""}}},"product_brand":[],"product_cat":[31],"product_tag":[],"class_list":{"0":"post-3835","1":"product","2":"type-product","3":"status-publish","4":"has-post-thumbnail","6":"product_cat-seleccion-ibericos","7":"desktop-align-left","8":"tablet-align-left","9":"mobile-align-left","11":"first","12":"instock","13":"taxable","14":"shipping-taxable","15":"purchasable","16":"product-type-simple"},"yoast_head":"<!-- This site is optimized with the Yoast SEO plugin v17.4 - https:\/\/yoast.com\/wordpress\/plugins\/seo\/ -->\n<title>Plato gourmet de jam\u00f3n Ib\u00e9rico de cebo cortado a mano. 100gr - Bandejas Gourmet<\/title>\n<meta name=\"robots\" content=\"index, follow, max-snippet:-1, max-image-preview:large, max-video-preview:-1\" \/>\n<link rel=\"canonical\" href=\"https:\/\/bandejasgourmet.com\/index.php\/producto\/plato-gourmet-de-jamon-iberico-cortado-a-mano-100gr\/\" \/>\n<meta property=\"og:locale\" content=\"es_ES\" \/>\n<meta property=\"og:type\" content=\"article\" \/>\n<meta property=\"og:title\" content=\"Plato gourmet de jam\u00f3n Ib\u00e9rico de cebo cortado a mano. 100gr - Bandejas Gourmet\" \/>\n<meta property=\"og:description\" content=\"Jam\u00f3n de Cebo Ib\u00e9rico madurado en bodegas naturales, que ofrecen facilidad de conservaci\u00f3n y de consumo\" \/>\n<meta property=\"og:url\" content=\"https:\/\/bandejasgourmet.com\/index.php\/producto\/plato-gourmet-de-jamon-iberico-cortado-a-mano-100gr\/\" \/>\n<meta property=\"og:site_name\" content=\"Bandejas Gourmet\" \/>\n<meta property=\"article:publisher\" content=\"https:\/\/www.facebook.com\/Bandejas-Gourmet-105831711312471\/?modal=admin_todo_tour\" \/>\n<meta property=\"article:modified_time\" content=\"2026-03-02T23:34:34+00:00\" \/>\n<meta property=\"og:image\" content=\"https:\/\/bandejasgourmet.com\/wp-content\/uploads\/2022\/09\/sobre-de-jamoniberico-cortado-a-mano-768x1024.png\" \/>\n\t<meta property=\"og:image:width\" content=\"768\" \/>\n\t<meta property=\"og:image:height\" content=\"1024\" \/>\n<meta name=\"twitter:card\" content=\"summary_large_image\" \/>\n<meta name=\"twitter:label1\" content=\"Tiempo de lectura\" \/>\n\t<meta name=\"twitter:data1\" content=\"1 minuto\" \/>\n<script type=\"application\/ld+json\" class=\"yoast-schema-graph\">{\"@context\":\"https:\/\/schema.org\",\"@graph\":[{\"@type\":\"Organization\",\"@id\":\"https:\/\/bandejasgourmet.com\/#organization\",\"name\":\"Bandejas Gourmet\",\"url\":\"https:\/\/bandejasgourmet.com\/\",\"sameAs\":[\"https:\/\/www.facebook.com\/Bandejas-Gourmet-105831711312471\/?modal=admin_todo_tour\"],\"logo\":{\"@type\":\"ImageObject\",\"@id\":\"https:\/\/bandejasgourmet.com\/#logo\",\"inLanguage\":\"es\",\"url\":\"https:\/\/bandejasgourmet.com\/wp-content\/uploads\/2020\/10\/Charcuterias-Pascual.png\",\"contentUrl\":\"https:\/\/bandejasgourmet.com\/wp-content\/uploads\/2020\/10\/Charcuterias-Pascual.png\",\"width\":1200,\"height\":1200,\"caption\":\"Bandejas Gourmet\"},\"image\":{\"@id\":\"https:\/\/bandejasgourmet.com\/#logo\"}},{\"@type\":\"WebSite\",\"@id\":\"https:\/\/bandejasgourmet.com\/#website\",\"url\":\"https:\/\/bandejasgourmet.com\/\",\"name\":\"Bandejas Gourmet\",\"description\":\"Productos Artesanos , Sabores Tradicionales.\",\"publisher\":{\"@id\":\"https:\/\/bandejasgourmet.com\/#organization\"},\"potentialAction\":[{\"@type\":\"SearchAction\",\"target\":{\"@type\":\"EntryPoint\",\"urlTemplate\":\"https:\/\/bandejasgourmet.com\/?s={search_term_string}\"},\"query-input\":\"required name=search_term_string\"}],\"inLanguage\":\"es\"},{\"@type\":\"ImageObject\",\"@id\":\"https:\/\/bandejasgourmet.com\/index.php\/producto\/plato-gourmet-de-jamon-iberico-cortado-a-mano-100gr\/#primaryimage\",\"inLanguage\":\"es\",\"url\":\"https:\/\/bandejasgourmet.com\/wp-content\/uploads\/2022\/09\/sobre-de-jamoniberico-cortado-a-mano.png\",\"contentUrl\":\"https:\/\/bandejasgourmet.com\/wp-content\/uploads\/2022\/09\/sobre-de-jamoniberico-cortado-a-mano.png\",\"width\":3024,\"height\":4032},{\"@type\":\"WebPage\",\"@id\":\"https:\/\/bandejasgourmet.com\/index.php\/producto\/plato-gourmet-de-jamon-iberico-cortado-a-mano-100gr\/#webpage\",\"url\":\"https:\/\/bandejasgourmet.com\/index.php\/producto\/plato-gourmet-de-jamon-iberico-cortado-a-mano-100gr\/\",\"name\":\"Plato gourmet de jam\\u00f3n Ib\\u00e9rico de cebo cortado a mano. 100gr - Bandejas Gourmet\",\"isPartOf\":{\"@id\":\"https:\/\/bandejasgourmet.com\/#website\"},\"primaryImageOfPage\":{\"@id\":\"https:\/\/bandejasgourmet.com\/index.php\/producto\/plato-gourmet-de-jamon-iberico-cortado-a-mano-100gr\/#primaryimage\"},\"datePublished\":\"2020-10-16T21:39:42+00:00\",\"dateModified\":\"2026-03-02T23:34:34+00:00\",\"breadcrumb\":{\"@id\":\"https:\/\/bandejasgourmet.com\/index.php\/producto\/plato-gourmet-de-jamon-iberico-cortado-a-mano-100gr\/#breadcrumb\"},\"inLanguage\":\"es\",\"potentialAction\":[{\"@type\":\"ReadAction\",\"target\":[\"https:\/\/bandejasgourmet.com\/index.php\/producto\/plato-gourmet-de-jamon-iberico-cortado-a-mano-100gr\/\"]}]},{\"@type\":\"BreadcrumbList\",\"@id\":\"https:\/\/bandejasgourmet.com\/index.php\/producto\/plato-gourmet-de-jamon-iberico-cortado-a-mano-100gr\/#breadcrumb\",\"itemListElement\":[{\"@type\":\"ListItem\",\"position\":1,\"name\":\"Portada\",\"item\":\"https:\/\/bandejasgourmet.com\/\"},{\"@type\":\"ListItem\",\"position\":2,\"name\":\"Tu tienda\",\"item\":\"https:\/\/bandejasgourmet.com\/index.php\/shop\/\"},{\"@type\":\"ListItem\",\"position\":3,\"name\":\"Plato gourmet de jam\\u00f3n Ib\\u00e9rico de cebo cortado a mano. 100gr\"}]}]}<\/script>\n<!-- \/ Yoast SEO plugin. -->","yoast_head_json":{"title":"Plato gourmet de jam\u00f3n Ib\u00e9rico de cebo cortado a mano. 100gr - Bandejas Gourmet","robots":{"index":"index","follow":"follow","max-snippet":"max-snippet:-1","max-image-preview":"max-image-preview:large","max-video-preview":"max-video-preview:-1"},"canonical":"https:\/\/bandejasgourmet.com\/index.php\/producto\/plato-gourmet-de-jamon-iberico-cortado-a-mano-100gr\/","og_locale":"es_ES","og_type":"article","og_title":"Plato gourmet de jam\u00f3n Ib\u00e9rico de cebo cortado a mano. 100gr - Bandejas Gourmet","og_description":"Jam\u00f3n de Cebo Ib\u00e9rico madurado en bodegas naturales, que ofrecen facilidad de conservaci\u00f3n y de consumo","og_url":"https:\/\/bandejasgourmet.com\/index.php\/producto\/plato-gourmet-de-jamon-iberico-cortado-a-mano-100gr\/","og_site_name":"Bandejas Gourmet","article_publisher":"https:\/\/www.facebook.com\/Bandejas-Gourmet-105831711312471\/?modal=admin_todo_tour","article_modified_time":"2026-03-02T23:34:34+00:00","og_image":[{"width":768,"height":1024,"url":"https:\/\/bandejasgourmet.com\/wp-content\/uploads\/2022\/09\/sobre-de-jamoniberico-cortado-a-mano-768x1024.png","type":"image\/png"}],"twitter_card":"summary_large_image","twitter_misc":{"Tiempo de lectura":"1 minuto"},"schema":{"@context":"https:\/\/schema.org","@graph":[{"@type":"Organization","@id":"https:\/\/bandejasgourmet.com\/#organization","name":"Bandejas Gourmet","url":"https:\/\/bandejasgourmet.com\/","sameAs":["https:\/\/www.facebook.com\/Bandejas-Gourmet-105831711312471\/?modal=admin_todo_tour"],"logo":{"@type":"ImageObject","@id":"https:\/\/bandejasgourmet.com\/#logo","inLanguage":"es","url":"https:\/\/bandejasgourmet.com\/wp-content\/uploads\/2020\/10\/Charcuterias-Pascual.png","contentUrl":"https:\/\/bandejasgourmet.com\/wp-content\/uploads\/2020\/10\/Charcuterias-Pascual.png","width":1200,"height":1200,"caption":"Bandejas Gourmet"},"image":{"@id":"https:\/\/bandejasgourmet.com\/#logo"}},{"@type":"WebSite","@id":"https:\/\/bandejasgourmet.com\/#website","url":"https:\/\/bandejasgourmet.com\/","name":"Bandejas Gourmet","description":"Productos Artesanos , Sabores Tradicionales.","publisher":{"@id":"https:\/\/bandejasgourmet.com\/#organization"},"potentialAction":[{"@type":"SearchAction","target":{"@type":"EntryPoint","urlTemplate":"https:\/\/bandejasgourmet.com\/?s={search_term_string}"},"query-input":"required name=search_term_string"}],"inLanguage":"es"},{"@type":"ImageObject","@id":"https:\/\/bandejasgourmet.com\/index.php\/producto\/plato-gourmet-de-jamon-iberico-cortado-a-mano-100gr\/#primaryimage","inLanguage":"es","url":"https:\/\/bandejasgourmet.com\/wp-content\/uploads\/2022\/09\/sobre-de-jamoniberico-cortado-a-mano.png","contentUrl":"https:\/\/bandejasgourmet.com\/wp-content\/uploads\/2022\/09\/sobre-de-jamoniberico-cortado-a-mano.png","width":3024,"height":4032},{"@type":"WebPage","@id":"https:\/\/bandejasgourmet.com\/index.php\/producto\/plato-gourmet-de-jamon-iberico-cortado-a-mano-100gr\/#webpage","url":"https:\/\/bandejasgourmet.com\/index.php\/producto\/plato-gourmet-de-jamon-iberico-cortado-a-mano-100gr\/","name":"Plato gourmet de jam\u00f3n Ib\u00e9rico de cebo cortado a mano. 100gr - Bandejas Gourmet","isPartOf":{"@id":"https:\/\/bandejasgourmet.com\/#website"},"primaryImageOfPage":{"@id":"https:\/\/bandejasgourmet.com\/index.php\/producto\/plato-gourmet-de-jamon-iberico-cortado-a-mano-100gr\/#primaryimage"},"datePublished":"2020-10-16T21:39:42+00:00","dateModified":"2026-03-02T23:34:34+00:00","breadcrumb":{"@id":"https:\/\/bandejasgourmet.com\/index.php\/producto\/plato-gourmet-de-jamon-iberico-cortado-a-mano-100gr\/#breadcrumb"},"inLanguage":"es","potentialAction":[{"@type":"ReadAction","target":["https:\/\/bandejasgourmet.com\/index.php\/producto\/plato-gourmet-de-jamon-iberico-cortado-a-mano-100gr\/"]}]},{"@type":"BreadcrumbList","@id":"https:\/\/bandejasgourmet.com\/index.php\/producto\/plato-gourmet-de-jamon-iberico-cortado-a-mano-100gr\/#breadcrumb","itemListElement":[{"@type":"ListItem","position":1,"name":"Portada","item":"https:\/\/bandejasgourmet.com\/"},{"@type":"ListItem","position":2,"name":"Tu tienda","item":"https:\/\/bandejasgourmet.com\/index.php\/shop\/"},{"@type":"ListItem","position":3,"name":"Plato gourmet de jam\u00f3n Ib\u00e9rico de cebo cortado a mano. 100gr"}]}]}},"_links":{"self":[{"href":"https:\/\/bandejasgourmet.com\/index.php\/wp-json\/wp\/v2\/product\/3835","targetHints":{"allow":["GET"]}}],"collection":[{"href":"https:\/\/bandejasgourmet.com\/index.php\/wp-json\/wp\/v2\/product"}],"about":[{"href":"https:\/\/bandejasgourmet.com\/index.php\/wp-json\/wp\/v2\/types\/product"}],"replies":[{"embeddable":true,"href":"https:\/\/bandejasgourmet.com\/index.php\/wp-json\/wp\/v2\/comments?post=3835"}],"version-history":[{"count":6,"href":"https:\/\/bandejasgourmet.com\/index.php\/wp-json\/wp\/v2\/product\/3835\/revisions"}],"predecessor-version":[{"id":4141,"href":"https:\/\/bandejasgourmet.com\/index.php\/wp-json\/wp\/v2\/product\/3835\/revisions\/4141"}],"wp:featuredmedia":[{"embeddable":true,"href":"https:\/\/bandejasgourmet.com\/index.php\/wp-json\/wp\/v2\/media\/4138"}],"wp:attachment":[{"href":"https:\/\/bandejasgourmet.com\/index.php\/wp-json\/wp\/v2\/media?parent=3835"}],"wp:term":[{"taxonomy":"product_brand","embeddable":true,"href":"https:\/\/bandejasgourmet.com\/index.php\/wp-json\/wp\/v2\/product_brand?post=3835"},{"taxonomy":"product_cat","embeddable":true,"href":"https:\/\/bandejasgourmet.com\/index.php\/wp-json\/wp\/v2\/product_cat?post=3835"},{"taxonomy":"product_tag","embeddable":true,"href":"https:\/\/bandejasgourmet.com\/index.php\/wp-json\/wp\/v2\/product_tag?post=3835"}],"curies":[{"name":"wp","href":"https:\/\/api.w.org\/{rel}","templated":true}]}}